{"id":68,"date":"2018-09-27T20:05:43","date_gmt":"2018-09-27T20:05:43","guid":{"rendered":"https:\/\/claudia.kragulj.at\/?page_id=68"},"modified":"2023-10-21T21:59:32","modified_gmt":"2023-10-21T21:59:32","slug":"home","status":"publish","type":"page","link":"https:\/\/claudia.kragulj.at\/","title":{"rendered":"home"},"content":{"rendered":"\t\t<div data-elementor-type=\"wp-post\" data-elementor-id=\"68\" class=\"elementor elementor-68\">\n\t\t\t\t\t\t<section class=\"elementor-section elementor-top-section elementor-element elementor-element-60fb738 elementor-section-boxed elementor-section-height-default elementor-section-height-default\" data-id=\"60fb738\" data-element_type=\"section\" data-e-type=\"section\">\n\t\t\t\t\t\t<div class=\"elementor-container elementor-column-gap-default\">\n\t\t\t\t\t<div class=\"elementor-column elementor-col-50 elementor-top-column elementor-element elementor-element-9cf8b65\" data-id=\"9cf8b65\" data-element_type=\"column\" data-e-type=\"column\">\n\t\t\t<div class=\"elementor-widget-wrap elementor-element-populated\">\n\t\t\t\t\t\t<div class=\"elementor-element elementor-element-24ef0dd elementor-widget elementor-widget-image\" data-id=\"24ef0dd\" data-element_type=\"widget\" data-e-type=\"widget\" data-widget_type=\"image.default\">\n\t\t\t\t<div class=\"elementor-widget-container\">\n\t\t\t\t\t\t\t\t\t\t\t\t\t\t\t<img fetchpriority=\"high\" decoding=\"async\" width=\"193\" height=\"300\" src=\"https:\/\/claudia.kragulj.at\/wp-content\/uploads\/2023\/10\/20230829_Buchcover_Kragulj_nur-vorne-193x300.jpg\" class=\"attachment-medium size-medium wp-image-1858\" alt=\"\" srcset=\"https:\/\/claudia.kragulj.at\/wp-content\/uploads\/2023\/10\/20230829_Buchcover_Kragulj_nur-vorne-193x300.jpg 193w, https:\/\/claudia.kragulj.at\/wp-content\/uploads\/2023\/10\/20230829_Buchcover_Kragulj_nur-vorne.jpg 570w\" sizes=\"(max-width: 193px) 100vw, 193px\" \/>\t\t\t\t\t\t\t\t\t\t\t\t\t\t\t<\/div>\n\t\t\t\t<\/div>\n\t\t\t\t\t<\/div>\n\t\t<\/div>\n\t\t\t\t<div class=\"elementor-column elementor-col-50 elementor-top-column elementor-element elementor-element-c5cb08c\" data-id=\"c5cb08c\" data-element_type=\"column\" data-e-type=\"column\">\n\t\t\t<div class=\"elementor-widget-wrap elementor-element-populated\">\n\t\t\t\t\t\t<div class=\"elementor-element elementor-element-b67b2da elementor-widget elementor-widget-text-editor\" data-id=\"b67b2da\" data-element_type=\"widget\" data-e-type=\"widget\" data-widget_type=\"text-editor.default\">\n\t\t\t\t<div class=\"elementor-widget-container\">\n\t\t\t\t\t\t\t\t\t<p><span style=\"color: #000000;\">&nbsp;<\/span><\/p>\n<p><span style=\"color: #000000;\">&nbsp;<\/span><\/p>\n<p><span style=\"color: #000000;\">Seit 2. Oktober 2023 ist mein Buch &#8218;M\u00f6gliche und unm\u00f6gliche Geschichten aus einem Einrichtungshaus&#8216;, eine Sammlung am\u00fcsanter Geschichten als &#8218;Book on Demand&#8216; unter der ISBN 9783757863418 um Euro 13,99 erh\u00e4ltlich! <\/span><\/p>\n<p><span style=\"color: #000000;\">Auch als ebook (epub) unter der ISBN 9783758384943 ist es um Euro 4,99 zu haben bzw. 8 Wochen lang (ab 18.10.2023) zum verg\u00fcnstigten Preis von Euro 3,99<br><\/span><\/p>\n<h6><span style=\"color: #800080;\">https:\/\/www.bod.de\/buchshop\/moegliche-und-unmoegliche-geschichten-aus-einem-einrichtungshaus-claudia-kragulj-9783757863418<\/span><\/h6>\t\t\t\t\t\t\t\t<\/div>\n\t\t\t\t<\/div>\n\t\t\t\t\t<\/div>\n\t\t<\/div>\n\t\t\t\t\t<\/div>\n\t\t<\/section>\n\t\t\t\t<\/div>\n\t\t","protected":false},"excerpt":{"rendered":"<p>&nbsp; &nbsp; Seit 2. Oktober 2023 ist mein Buch &#8218;M\u00f6gliche und unm\u00f6gliche Geschichten aus einem Einrichtungshaus&#8216;, eine Sammlung am\u00fcsanter Geschichten als &#8218;Book on Demand&#8216; unter der ISBN 9783757863418 um Euro 13,99 erh\u00e4ltlich! Auch als ebook (epub) unter der ISBN 9783758384943 <a class=\"more-link\" href=\"https:\/\/claudia.kragulj.at\/\">Read More &#8230;<\/a><\/p>\n","protected":false},"author":2,"featured_media":0,"parent":0,"menu_order":0,"comment_status":"closed","ping_status":"closed","template":"elementor_header_footer","meta":{"footnotes":""},"class_list":["post-68","page","type-page","status-publish","hentry"],"_links":{"self":[{"href":"https:\/\/claudia.kragulj.at\/index.php\/wp-json\/wp\/v2\/pages\/68","targetHints":{"allow":["GET"]}}],"collection":[{"href":"https:\/\/claudia.kragulj.at\/index.php\/wp-json\/wp\/v2\/pages"}],"about":[{"href":"https:\/\/claudia.kragulj.at\/index.php\/wp-json\/wp\/v2\/types\/page"}],"author":[{"embeddable":true,"href":"https:\/\/claudia.kragulj.at\/index.php\/wp-json\/wp\/v2\/users\/2"}],"replies":[{"embeddable":true,"href":"https:\/\/claudia.kragulj.at\/index.php\/wp-json\/wp\/v2\/comments?post=68"}],"version-history":[{"count":109,"href":"https:\/\/claudia.kragulj.at\/index.php\/wp-json\/wp\/v2\/pages\/68\/revisions"}],"predecessor-version":[{"id":1895,"href":"https:\/\/claudia.kragulj.at\/index.php\/wp-json\/wp\/v2\/pages\/68\/revisions\/1895"}],"wp:attachment":[{"href":"https:\/\/claudia.kragulj.at\/index.php\/wp-json\/wp\/v2\/media?parent=68"}],"curies":[{"name":"wp","href":"https:\/\/api.w.org\/{rel}","templated":true}]}}