{"id":65,"date":"2018-10-02T13:47:05","date_gmt":"2018-10-02T13:47:05","guid":{"rendered":"https:\/\/claudia.kragulj.at\/?page_id=65"},"modified":"2023-10-04T19:02:56","modified_gmt":"2023-10-04T19:02:56","slug":"biografie","status":"publish","type":"page","link":"https:\/\/claudia.kragulj.at\/index.php\/biografie\/","title":{"rendered":"Biografie"},"content":{"rendered":"\t\t<div data-elementor-type=\"wp-post\" data-elementor-id=\"65\" class=\"elementor elementor-65\">\n\t\t\t\t\t\t<section class=\"elementor-section elementor-top-section elementor-element elementor-element-87f3a52 elementor-section-boxed elementor-section-height-default elementor-section-height-default\" data-id=\"87f3a52\" data-element_type=\"section\" data-e-type=\"section\">\n\t\t\t\t\t\t<div class=\"elementor-container elementor-column-gap-default\">\n\t\t\t\t\t<div class=\"elementor-column elementor-col-66 elementor-top-column elementor-element elementor-element-e6100a0\" data-id=\"e6100a0\" data-element_type=\"column\" data-e-type=\"column\">\n\t\t\t<div class=\"elementor-widget-wrap elementor-element-populated\">\n\t\t\t\t\t\t<div class=\"elementor-element elementor-element-227dd79 elementor-widget elementor-widget-text-editor\" data-id=\"227dd79\" data-element_type=\"widget\" data-e-type=\"widget\" data-widget_type=\"text-editor.default\">\n\t\t\t\t<div class=\"elementor-widget-container\">\n\t\t\t\t\t\t\t\t\t<p><span style=\"color: #000000;\">Claudia Kragulj wurde 1972 in Wien geboren.<\/span><br \/><span style=\"color: #000000;\">Sie studierte Kultur- und Sozialanthropologie sowie Kunstgeschichte an der Uni Wien (1990-99).<\/span><br \/><span style=\"color: #000000;\">An der Universit\u00e4t fu\u0308r angewandte Kunst Wien absolvierte sie den Masterlehrgang \u201eecm \u2013 Educating, Curating, Managing\u201c (2006-08) sowie \u201eKunst und kommunikative Praxis sowie Design, Architektur und Environment\u201c (2010-16).<\/span><br \/><span style=\"color: #000000;\">1999 bis 2014 arbeitete sie bei KulturKontakt Austria, zuerst im Bereich Bildungskooperationen mit Su\u0308dosteuropa, danach im Bereich Kulturvermittlung.<\/span><br \/><span style=\"color: #000000;\">Sie arbeitet als Ku\u0308nstlerin und Kulturvermittlerin sowie als praktische Kunstvermittlerin an einem Gymnasium in M\u00f6dling.<\/span><\/p><p><span style=\"color: #000000;\">Sie ist Gr\u00fcnderin des Gumpoldskirchner Kunstkreises, Mitglied beim Verband fu\u0308r KulturvermittlerInnen sowie <\/span><span style=\"color: #000000;\">intAkt &#8211; internationale Aktionsgemeinschaft bildender K\u00fcnstlerinnen und INSEA.<\/span><br \/><span style=\"color: #000000;\">Einzel- und Gemeinschaftsausstellungen in \u00d6sterreich, Tschechien, der Slowakei und Armenien zu sehen.<\/span><\/p>\t\t\t\t\t\t\t\t<\/div>\n\t\t\t\t<\/div>\n\t\t\t\t\t<\/div>\n\t\t<\/div>\n\t\t\t\t<div class=\"elementor-column elementor-col-33 elementor-top-column elementor-element elementor-element-651a55f\" data-id=\"651a55f\" data-element_type=\"column\" data-e-type=\"column\">\n\t\t\t<div class=\"elementor-widget-wrap elementor-element-populated\">\n\t\t\t\t\t\t<div class=\"elementor-element elementor-element-459e75f elementor-widget elementor-widget-image-gallery\" data-id=\"459e75f\" data-element_type=\"widget\" data-e-type=\"widget\" data-widget_type=\"image-gallery.default\">\n\t\t\t\t<div class=\"elementor-widget-container\">\n\t\t\t\t\t\t\t<div class=\"elementor-image-gallery\">\n\t\t\t\n\t\t<style type=\"text\/css\">\n\t\t\t#gallery-1 {\n\t\t\t\tmargin: auto;\n\t\t\t}\n\t\t\t#gallery-1 .gallery-item {\n\t\t\t\tfloat: left;\n\t\t\t\tmargin-top: 10px;\n\t\t\t\ttext-align: center;\n\t\t\t\twidth: 100%;\n\t\t\t}\n\t\t\t#gallery-1 img {\n\t\t\t\tborder: 2px solid #cfcfcf;\n\t\t\t}\n\t\t\t#gallery-1 .gallery-caption {\n\t\t\t\tmargin-left: 0;\n\t\t\t}\n\t\t\t\/* see gallery_shortcode() in wp-includes\/media.php *\/\n\t\t<\/style>\n\t\t<div id='gallery-1' class='gallery galleryid-65 gallery-columns-1 gallery-size-medium'><dl class='gallery-item'>\n\t\t\t<dt class='gallery-icon landscape'>\n\t\t\t\t<a data-elementor-open-lightbox=\"yes\" data-elementor-lightbox-slideshow=\"459e75f\" data-elementor-lightbox-title=\"ClaudiaK_Spiralen\" data-e-action-hash=\"#elementor-action%3Aaction%3Dlightbox%26settings%3DeyJpZCI6NTM3LCJ1cmwiOiJodHRwczpcL1wvY2xhdWRpYS5rcmFndWxqLmF0XC93cC1jb250ZW50XC91cGxvYWRzXC8yMDE4XC8xMFwvQ2xhdWRpYUtfU3BpcmFsZW4uanBnIiwic2xpZGVzaG93IjoiNDU5ZTc1ZiJ9\" href='https:\/\/claudia.kragulj.at\/wp-content\/uploads\/2018\/10\/ClaudiaK_Spiralen.jpg'><img fetchpriority=\"high\" decoding=\"async\" width=\"300\" height=\"202\" src=\"https:\/\/claudia.kragulj.at\/wp-content\/uploads\/2018\/10\/ClaudiaK_Spiralen-300x202.jpg\" class=\"attachment-medium size-medium\" alt=\"\" srcset=\"https:\/\/claudia.kragulj.at\/wp-content\/uploads\/2018\/10\/ClaudiaK_Spiralen-300x202.jpg 300w, https:\/\/claudia.kragulj.at\/wp-content\/uploads\/2018\/10\/ClaudiaK_Spiralen-272x182.jpg 272w, https:\/\/claudia.kragulj.at\/wp-content\/uploads\/2018\/10\/ClaudiaK_Spiralen.jpg 350w\" sizes=\"(max-width: 300px) 100vw, 300px\" \/><\/a>\n\t\t\t<\/dt><\/dl><br style=\"clear: both\" \/><dl class='gallery-item'>\n\t\t\t<dt class='gallery-icon landscape'>\n\t\t\t\t<a data-elementor-open-lightbox=\"yes\" data-elementor-lightbox-slideshow=\"459e75f\" data-elementor-lightbox-title=\"claudia65\" data-e-action-hash=\"#elementor-action%3Aaction%3Dlightbox%26settings%3DeyJpZCI6NTM2LCJ1cmwiOiJodHRwczpcL1wvY2xhdWRpYS5rcmFndWxqLmF0XC93cC1jb250ZW50XC91cGxvYWRzXC8yMDE4XC8xMFwvY2xhdWRpYTY1LmpwZyIsInNsaWRlc2hvdyI6IjQ1OWU3NWYifQ%3D%3D\" href='https:\/\/claudia.kragulj.at\/wp-content\/uploads\/2018\/10\/claudia65.jpg'><img decoding=\"async\" width=\"300\" height=\"200\" src=\"https:\/\/claudia.kragulj.at\/wp-content\/uploads\/2018\/10\/claudia65-300x200.jpg\" class=\"attachment-medium size-medium\" alt=\"\" srcset=\"https:\/\/claudia.kragulj.at\/wp-content\/uploads\/2018\/10\/claudia65-300x200.jpg 300w, https:\/\/claudia.kragulj.at\/wp-content\/uploads\/2018\/10\/claudia65-768x512.jpg 768w, https:\/\/claudia.kragulj.at\/wp-content\/uploads\/2018\/10\/claudia65-1024x682.jpg 1024w, https:\/\/claudia.kragulj.at\/wp-content\/uploads\/2018\/10\/claudia65-272x182.jpg 272w, https:\/\/claudia.kragulj.at\/wp-content\/uploads\/2018\/10\/claudia65.jpg 1181w\" sizes=\"(max-width: 300px) 100vw, 300px\" \/><\/a>\n\t\t\t<\/dt><\/dl><br style=\"clear: both\" \/>\n\t\t<\/div>\n\t\t<\/div>\n\t\t\t\t\t\t<\/div>\n\t\t\t\t<\/div>\n\t\t\t\t\t<\/div>\n\t\t<\/div>\n\t\t\t\t\t<\/div>\n\t\t<\/section>\n\t\t\t\t<section class=\"elementor-section elementor-top-section elementor-element elementor-element-efc2596 elementor-section-boxed elementor-section-height-default elementor-section-height-default\" data-id=\"efc2596\" data-element_type=\"section\" data-e-type=\"section\">\n\t\t\t\t\t\t<div class=\"elementor-container elementor-column-gap-default\">\n\t\t\t\t\t<div class=\"elementor-column elementor-col-100 elementor-top-column elementor-element elementor-element-3e92f10\" data-id=\"3e92f10\" data-element_type=\"column\" data-e-type=\"column\">\n\t\t\t<div class=\"elementor-widget-wrap elementor-element-populated\">\n\t\t\t\t\t\t<div class=\"elementor-element elementor-element-309457c elementor-widget elementor-widget-text-editor\" data-id=\"309457c\" data-element_type=\"widget\" data-e-type=\"widget\" data-widget_type=\"text-editor.default\">\n\t\t\t\t<div class=\"elementor-widget-container\">\n\t\t\t\t\t\t\t\t\t<p><span style=\"color: #000000;\"><strong>Schriftwerk<\/strong><\/span><\/p>\n<ul>\n<li><span style=\"color: #000000;\">diverse Katalogtexte f\u00fcr K\u00fcnstlerinnen und K\u00fcnstler<\/span><\/li>\n<li><span style=\"color: #000000;\">&#8222;Begegnungen in einem Kunst-\/Vermittlungsprojekt&#8220;,&nbsp; ISBN: 978-3-9504323-1-2, M\u00e4rz 2017<\/span><\/li>\n<li><span style=\"color: #000000;\">\u201ePost\/koloniale Blicke, Blickregime und Blickregie \u2013 Aspekte der Dekolonisierung des Blicks in der zeitgen\u00f6ssischen Kunst\u201c, Dezember 2016<\/span><\/li>\n<li><span style=\"color: #000000;\">\u201eDas Museum dekolonisieren &#8211; Strategien f\u00fcr eine kritische Auseinandersetzung mit ethnographischen Narrativen\u201c, Wien 2008<\/span><\/li>\n<li><span style=\"color: #000000;\">&#8222;Sch\u00fclerinnen und Sch\u00fcler in \u00d6sterreich und der Republik S\u00fcdafrika wetteifern miteinander mittels ihrer photographischen Selbstdarstellungen; ein Vergleich von M\u00f6glichkeiten zur Akkumulation verschiedener Kapitalarten anhand photographischer Selbstpr\u00e4sentationen&#8220;, Wien 1999<\/span><\/li>\n<li><span style=\"color: #000000;\">M\u00f6gliche und unm\u00f6gliche Geschichten aus einem Einrichtungshaus. <\/span><span style=\"color: #000000;\">Als \u201aBook on Demand\u2018 unter der ISBN<br>\n9783757863418 um Euro 13,99 erh\u00e4ltlich. Auch als eBook ist es in K\u00fcrze<br>\num Euro 4,99 zu haben, Oktober 2023<br><\/span><\/li>\n<\/ul>\t\t\t\t\t\t\t\t<\/div>\n\t\t\t\t<\/div>\n\t\t\t\t\t<\/div>\n\t\t<\/div>\n\t\t\t\t\t<\/div>\n\t\t<\/section>\n\t\t\t\t<section class=\"elementor-section elementor-top-section elementor-element elementor-element-de0053c elementor-section-boxed elementor-section-height-default elementor-section-height-default\" data-id=\"de0053c\" data-element_type=\"section\" data-e-type=\"section\">\n\t\t\t\t\t\t<div class=\"elementor-container elementor-column-gap-default\">\n\t\t\t\t\t<div class=\"elementor-column elementor-col-100 elementor-top-column elementor-element elementor-element-ebcfeac\" data-id=\"ebcfeac\" data-element_type=\"column\" data-e-type=\"column\">\n\t\t\t<div class=\"elementor-widget-wrap elementor-element-populated\">\n\t\t\t\t\t\t<div class=\"elementor-element elementor-element-518f01c elementor-widget elementor-widget-text-editor\" data-id=\"518f01c\" data-element_type=\"widget\" data-e-type=\"widget\" data-widget_type=\"text-editor.default\">\n\t\t\t\t<div class=\"elementor-widget-container\">\n\t\t\t\t\t\t\t\t\t<p><span style=\"color: #000000;\"><strong>Im Redaktionsteam<\/strong><\/span><\/p><ul><li><span style=\"color: #000000;\">&#8222;Interkulturalit\u00e4t und Mehrsprachigkeit &#8211; eine Chance! &#8211; Impulsprojekte Schuljahr 2006-14&#8220;<\/span><\/li><li><span style=\"color: #000000;\">Kalender `Lebenszeichen\u00b4 der Gesellschaft f\u00fcr bedrohte V\u00f6lker 2000-2008 (Text &amp; Bild)<\/span><\/li><\/ul>\t\t\t\t\t\t\t\t<\/div>\n\t\t\t\t<\/div>\n\t\t\t\t\t<\/div>\n\t\t<\/div>\n\t\t\t\t\t<\/div>\n\t\t<\/section>\n\t\t\t\t<\/div>\n\t\t","protected":false},"excerpt":{"rendered":"<p>Claudia Kragulj wurde 1972 in Wien geboren.Sie studierte Kultur- und Sozialanthropologie sowie Kunstgeschichte an der Uni Wien (1990-99).An der Universit\u00e4t fu\u0308r angewandte Kunst Wien absolvierte sie den Masterlehrgang \u201eecm \u2013 Educating, Curating, Managing\u201c (2006-08) sowie \u201eKunst und kommunikative Praxis sowie <a class=\"more-link\" href=\"https:\/\/claudia.kragulj.at\/index.php\/biografie\/\">Read More &#8230;<\/a><\/p>\n","protected":false},"author":2,"featured_media":0,"parent":0,"menu_order":0,"comment_status":"closed","ping_status":"closed","template":"","meta":{"footnotes":""},"class_list":["post-65","page","type-page","status-publish","hentry"],"_links":{"self":[{"href":"https:\/\/claudia.kragulj.at\/index.php\/wp-json\/wp\/v2\/pages\/65","targetHints":{"allow":["GET"]}}],"collection":[{"href":"https:\/\/claudia.kragulj.at\/index.php\/wp-json\/wp\/v2\/pages"}],"about":[{"href":"https:\/\/claudia.kragulj.at\/index.php\/wp-json\/wp\/v2\/types\/page"}],"author":[{"embeddable":true,"href":"https:\/\/claudia.kragulj.at\/index.php\/wp-json\/wp\/v2\/users\/2"}],"replies":[{"embeddable":true,"href":"https:\/\/claudia.kragulj.at\/index.php\/wp-json\/wp\/v2\/comments?post=65"}],"version-history":[{"count":20,"href":"https:\/\/claudia.kragulj.at\/index.php\/wp-json\/wp\/v2\/pages\/65\/revisions"}],"predecessor-version":[{"id":1880,"href":"https:\/\/claudia.kragulj.at\/index.php\/wp-json\/wp\/v2\/pages\/65\/revisions\/1880"}],"wp:attachment":[{"href":"https:\/\/claudia.kragulj.at\/index.php\/wp-json\/wp\/v2\/media?parent=65"}],"curies":[{"name":"wp","href":"https:\/\/api.w.org\/{rel}","templated":true}]}}