{"id":3,"date":"2018-09-27T06:29:40","date_gmt":"2018-09-27T06:29:40","guid":{"rendered":"https:\/\/claudia.kragulj.at\/?page_id=3"},"modified":"2018-12-11T17:11:35","modified_gmt":"2018-12-11T17:11:35","slug":"privacy-policy","status":"publish","type":"page","link":"https:\/\/claudia.kragulj.at\/index.php\/kontakt\/privacy-policy\/","title":{"rendered":"Impressum"},"content":{"rendered":"<div id=\"main\" class=\"vae_wh_main\">\n<p class=\"bodytext\"><span style=\"color: #000000;\">Inhaberin dieser Webseite ist Claudia Kragulj (Gumpoldskirchen, \u00d6sterreich)<\/span><br \/>\n<span style=\"color: #000000;\">Werkanfragen: claudia(klammeraffe)kragulj.at<\/span><\/p>\n<h1><span style=\"color: #000000;\">Haftungsausschluss<\/span><\/h1>\n<h2><span style=\"color: #000000;\">Verweise und Links<\/span><\/h2>\n<p class=\"bodytext\"><span style=\"color: #000000;\">Bei direkten oder indirekten Verweisen auf fremde Webseiten (&#8222;Hyperlinks&#8220;), die au\u00dferhalb des Verantwortungsbereiches der Autorin liegen, w\u00fcrde eine Haftungsverpflichtung ausschlie\u00dflich in dem Fall in Kraft treten, in dem die Autorin von den Inhalten Kenntnis hat und es ihm technisch m\u00f6glich und zumutbar w\u00e4re, die Nutzung im Falle rechtswidriger Inhalte zu verhindern. Claudia Kragulj erkl\u00e4rt hiermit ausdr\u00fccklich, dass zum Zeitpunkt der Linksetzung keine illegalen Inhalte auf den zu verlinkenden Seiten erkennbar waren. Auf die aktuelle und zuk\u00fcnftige Gestaltung, die Inhalte oder die Urheberschaft der gelinkten\/verkn\u00fcpften Seiten hat die Autorin keinerlei Einfluss. Deshalb distanziert sie sich hiermit ausdr\u00fccklich von allen Inhalten aller gelinkten\/verkn\u00fcpften Seiten, die nach der Linksetzung ver\u00e4ndert wurden. Diese Feststellung gilt f\u00fcr alle innerhalb des eigenen Internetangebotes gesetzten Links und Verweise. F\u00fcr illegale, fehlerhafte oder unvollst\u00e4ndige Inhalte und insbesondere f\u00fcr Sch\u00e4den, die aus der Nutzung oder Nichtnutzung solcherart dargebotener Informationen entstehen, haftet allein der AnbieterIn der Seite, auf welche verwiesen wurde, nicht der\/diejenige, der\/die \u00fcber Links auf die jeweilige Ver\u00f6ffentlichung lediglich verweist.<\/span><\/p>\n<h2><span style=\"color: #000000;\">Urheberecht<\/span><\/h2>\n<p class=\"bodytext\"><span style=\"color: #000000;\">Das Urheberrecht liegt &#8211; sofern nicht anders angegeben &#8211; bei Claudia Kragulj. Eine Vervielf\u00e4ltigung oder Verwendung der Medien wie zB. Fotografien, Grafiken, Tondokumente, Videosequenzen und Texte in anderen elektronischen oder gedruckten Publikationen ist ohne ausdr\u00fcckliche Zustimmung von Claudia Kragulj nicht gestattet.<\/span><\/p>\n<h2><span style=\"color: #000000;\">Rechtswirksamkeit dieses Haftungsausschlusses<\/span><\/h2>\n<p class=\"bodytext\"><span style=\"color: #000000;\">Dieser Haftungsausschluss ist als Teil des Internetangebotes zu betrachten, von dem aus auf diese Seite verwiesen wurde. Sofern Teile oder einzelne Formulierungen dieses Textes der geltenden Rechtslage nicht, nicht mehr oder nicht vollst\u00e4ndig entsprechen sollten, bleiben die \u00fcbrigen Teile des Dokumentes in ihrem Inhalt und ihrer G\u00fcltigkeit davon unber\u00fchrt.<\/span><\/p>\n<\/div>\n","protected":false},"excerpt":{"rendered":"<p>Inhaberin dieser Webseite ist Claudia Kragulj (Gumpoldskirchen, \u00d6sterreich) Werkanfragen: claudia(klammeraffe)kragulj.at Haftungsausschluss Verweise und Links Bei direkten oder indirekten Verweisen auf fremde Webseiten (&#8222;Hyperlinks&#8220;), die au\u00dferhalb des Verantwortungsbereiches der Autorin liegen, w\u00fcrde eine Haftungsverpflichtung ausschlie\u00dflich in dem Fall in Kraft treten, <a class=\"more-link\" href=\"https:\/\/claudia.kragulj.at\/index.php\/kontakt\/privacy-policy\/\">Read More &#8230;<\/a><\/p>\n","protected":false},"author":1,"featured_media":0,"parent":134,"menu_order":0,"comment_status":"closed","ping_status":"closed","template":"","meta":{"footnotes":""},"class_list":["post-3","page","type-page","status-publish","hentry"],"_links":{"self":[{"href":"https:\/\/claudia.kragulj.at\/index.php\/wp-json\/wp\/v2\/pages\/3","targetHints":{"allow":["GET"]}}],"collection":[{"href":"https:\/\/claudia.kragulj.at\/index.php\/wp-json\/wp\/v2\/pages"}],"about":[{"href":"https:\/\/claudia.kragulj.at\/index.php\/wp-json\/wp\/v2\/types\/page"}],"author":[{"embeddable":true,"href":"https:\/\/claudia.kragulj.at\/index.php\/wp-json\/wp\/v2\/users\/1"}],"replies":[{"embeddable":true,"href":"https:\/\/claudia.kragulj.at\/index.php\/wp-json\/wp\/v2\/comments?post=3"}],"version-history":[{"count":4,"href":"https:\/\/claudia.kragulj.at\/index.php\/wp-json\/wp\/v2\/pages\/3\/revisions"}],"predecessor-version":[{"id":945,"href":"https:\/\/claudia.kragulj.at\/index.php\/wp-json\/wp\/v2\/pages\/3\/revisions\/945"}],"up":[{"embeddable":true,"href":"https:\/\/claudia.kragulj.at\/index.php\/wp-json\/wp\/v2\/pages\/134"}],"wp:attachment":[{"href":"https:\/\/claudia.kragulj.at\/index.php\/wp-json\/wp\/v2\/media?parent=3"}],"curies":[{"name":"wp","href":"https:\/\/api.w.org\/{rel}","templated":true}]}}